{"id":1009,"date":"2017-09-05T15:24:02","date_gmt":"2017-09-05T15:24:02","guid":{"rendered":"http:\/\/dev2.fifalde.ca\/?page_id=1009"},"modified":"2021-12-05T07:24:52","modified_gmt":"2021-12-05T12:24:52","slug":"formation-en-ligne","status":"publish","type":"page","link":"https:\/\/dev.fifalde.ca\/fr\/formation-en-ligne\/","title":{"rendered":"Formation en ligne"},"content":{"rendered":"<div class=\"fusion-fullwidth fullwidth-box fusion-builder-row-1 nonhundred-percent-fullwidth non-hundred-percent-height-scrolling fusion-equal-height-columns\" style=\"--awb-border-radius-top-left:0px;--awb-border-radius-top-right:0px;--awb-border-radius-bottom-right:0px;--awb-border-radius-bottom-left:0px;--awb-flex-wrap:wrap;\" ><div class=\"fusion-builder-row fusion-row\"><div class=\"fusion-layout-column fusion_builder_column fusion-builder-column-0 fusion_builder_column_1_2 1_2 fusion-one-half fusion-column-first\" style=\"--awb-bg-image:url(&#039;https:\/\/dev.fifalde.ca\/wp-content\/uploads\/2015\/12\/home_courses_section_bg.jpg&#039;);--awb-bg-size:cover;--awb-box-shadow: 0px 0px ;;--awb-border-color:#afafaf;--awb-border-top:1px;--awb-border-right:1px;--awb-border-bottom:1px;--awb-border-left:1px;--awb-border-style:solid;width:48%; margin-right: 4%;\"><div class=\"fusion-column-wrapper fusion-column-has-shadow fusion-flex-column-wrapper-legacy fusion-column-has-bg-image\" data-bg-url=\"https:\/\/dev.fifalde.ca\/wp-content\/uploads\/2015\/12\/home_courses_section_bg.jpg\"><div class=\"fusion-text fusion-text-1\"><h1 class=\"fusion-responsive-typography-calculated\" style=\"text-align: center;\" data-fontsize=\"44\" data-lineheight=\"50.6px\"><span style=\"color: #ffffff;\">Formation en ligne<\/span><\/h1>\n<\/div><div class=\"fusion-clearfix\"><\/div><\/div><\/div><div class=\"fusion-layout-column fusion_builder_column fusion-builder-column-1 fusion_builder_column_1_2 1_2 fusion-one-half fusion-column-last\" style=\"--awb-bg-size:cover;--awb-margin-top:0px;--awb-margin-bottom:0px;width:48%;\"><div class=\"fusion-column-wrapper fusion-column-has-shadow fusion-flex-column-wrapper-legacy\"><div class=\"fusion-sep-clear\"><\/div><div class=\"fusion-separator fusion-full-width-sep\" style=\"margin-left: auto;margin-right: auto;margin-top:20px;width:100%;\"><\/div><div class=\"fusion-sep-clear\"><\/div><div class=\"fusion-text fusion-text-2\"><p>Fifalde Conseil propose non seulement des services de renomm\u00e9e mondiale, mais \u00e9galement, par l\u2019interm\u00e9diaire de nos partenaires, des formations pouvant vous aider \u00e0 d\u00e9marrer vos initiatives de gestion des services informatiques. Ainsi, que vous soyez un d\u00e9marreur autonome ou un sp\u00e9cialiste des services informatiques \u00e0 la recherche d\u2019un conseil suppl\u00e9mentaire, notre s\u00e9lection de formations peut \u00eatre exactement ce que vous cherchez pour vous aider \u00e0 d\u00e9marrer. Vous pouvez s\u00e9lectionner n\u2019importe quel produit pour obtenir une description et un prix plus d\u00e9taill\u00e9s, puis proc\u00e9der \u00e0 son achat.<\/p>\n<blockquote>\n<p>Fifalde Conseil travaille avec diligence avec les clients pour identifier les formations qui correspondent le mieux \u00e0 leurs int\u00e9r\u00eats \u00e0 court et \u00e0 long terme.<\/p>\n<\/blockquote>\n<h2><strong>Sessions de coaching<\/strong><\/h2>\n<p>Si vous sentez que vous souhaitez plus de support pour le package de formation eLearning que vous avez achet\u00e9, nous proposons \u00e9galement des <a href=\"https:\/\/dev.fifalde.ca\/fr\/competence\/heures-dencadrement\/\"><strong>sessions de coaching<\/strong><\/a> vendues \u00e0 l&#8217;heure. Si vous avez besoin de ce suppl\u00e9ment, veuillez nous envoyer un courriel . <a href=\"mailto:info@fifalde.ca\" target=\"_blank\" rel=\"noopener noreferrer\">info@fifalde.ca<\/a><\/p>\n<h2><strong>Nos partenaires<\/strong><\/h2>\n<\/div><div class=\"fusion-sep-clear\"><\/div><div class=\"fusion-separator fusion-full-width-sep\" style=\"margin-left: auto;margin-right: auto;margin-top:-10px;width:100%;\"><\/div><div class=\"fusion-sep-clear\"><\/div><div class=\"fusion-image-element in-legacy-container\" style=\"--awb-caption-title-font-family:var(--h2_typography-font-family);--awb-caption-title-font-weight:var(--h2_typography-font-weight);--awb-caption-title-font-style:var(--h2_typography-font-style);--awb-caption-title-size:var(--h2_typography-font-size);--awb-caption-title-transform:var(--h2_typography-text-transform);--awb-caption-title-line-height:var(--h2_typography-line-height);--awb-caption-title-letter-spacing:var(--h2_typography-letter-spacing);\"><span class=\" fusion-imageframe imageframe-none imageframe-1 hover-type-none\"><a class=\"fusion-no-lightbox\" href=\"https:\/\/apmg-international.com\/ato\/fifalde-consulting-inc\" target=\"_blank\" aria-label=\"Screen Shot 2020-12-31 at 2.12.39 PM\" rel=\"noopener noreferrer\"><img decoding=\"async\" width=\"600\" height=\"174\" alt=\"apmg-international.com\/ato\/fifalde-consulting-inc\" src=\"https:\/\/dev.fifalde.ca\/wp-content\/uploads\/2020\/12\/Screen-Shot-2020-12-31-at-2.12.39-PM-e1609442295171.png\" class=\"img-responsive wp-image-7427\" srcset=\"https:\/\/dev.fifalde.ca\/wp-content\/uploads\/2020\/12\/Screen-Shot-2020-12-31-at-2.12.39-PM-e1609442295171-500x145.png 500w, https:\/\/dev.fifalde.ca\/wp-content\/uploads\/2020\/12\/Screen-Shot-2020-12-31-at-2.12.39-PM-e1609442295171.png 600w\" sizes=\"(max-width: 600px) 100vw, 600px\" \/><\/a><\/span><\/div><div class=\"fusion-image-element in-legacy-container\" style=\"--awb-caption-title-font-family:var(--h2_typography-font-family);--awb-caption-title-font-weight:var(--h2_typography-font-weight);--awb-caption-title-font-style:var(--h2_typography-font-style);--awb-caption-title-size:var(--h2_typography-font-size);--awb-caption-title-transform:var(--h2_typography-text-transform);--awb-caption-title-line-height:var(--h2_typography-line-height);--awb-caption-title-letter-spacing:var(--h2_typography-letter-spacing);\"><span class=\" fusion-imageframe imageframe-none imageframe-2 hover-type-none\"><a class=\"fusion-no-lightbox\" href=\"https:\/\/www.peoplecert.org\/ways-to-get-certified\/ato\/3323-fifalde-consulting-inc-94330\" target=\"_blank\" aria-label=\"Screen Shot 2020-12-31 at 2.15.02 PM\" rel=\"noopener noreferrer\"><img decoding=\"async\" width=\"910\" height=\"398\" alt=\"www.peoplecert.org\/ways-to-get-certified\/ato\/3323-fifalde-consulting-inc-94330\" src=\"https:\/\/dev.fifalde.ca\/wp-content\/uploads\/2020\/12\/cc6ef8cb8df3af5693726838cd728163.png\" class=\"img-responsive wp-image-7428\" srcset=\"https:\/\/dev.fifalde.ca\/wp-content\/uploads\/2020\/12\/cc6ef8cb8df3af5693726838cd728163-500x219.png 500w, https:\/\/dev.fifalde.ca\/wp-content\/uploads\/2020\/12\/cc6ef8cb8df3af5693726838cd728163-700x306.png 700w, https:\/\/dev.fifalde.ca\/wp-content\/uploads\/2020\/12\/cc6ef8cb8df3af5693726838cd728163.png 910w\" sizes=\"(max-width: 910px) 100vw, 910px\" \/><\/a><\/span><\/div><div class=\"fusion-clearfix\"><\/div><\/div><\/div><\/div><\/div>\n","protected":false},"excerpt":{"rendered":"","protected":false},"author":1,"featured_media":0,"parent":0,"menu_order":0,"comment_status":"closed","ping_status":"closed","template":"","meta":{"_price":"","_stock":"","_tribe_ticket_header":"","_tribe_default_ticket_provider":"","_ticket_start_date":"","_ticket_end_date":"","_tribe_ticket_show_description":"","_tribe_ticket_show_not_going":false,"_tribe_ticket_use_global_stock":"","_tribe_ticket_global_stock_level":"","_global_stock_mode":"","_global_stock_cap":"","_tribe_rsvp_for_event":"","_tribe_ticket_going_count":"","_tribe_ticket_not_going_count":"","_tribe_tickets_list":"[]","_tribe_ticket_has_attendee_info_fields":false,"footnotes":""},"class_list":["post-1009","page","type-page","status-publish","hentry"],"_links":{"self":[{"href":"https:\/\/dev.fifalde.ca\/fr\/wp-json\/wp\/v2\/pages\/1009","targetHints":{"allow":["GET"]}}],"collection":[{"href":"https:\/\/dev.fifalde.ca\/fr\/wp-json\/wp\/v2\/pages"}],"about":[{"href":"https:\/\/dev.fifalde.ca\/fr\/wp-json\/wp\/v2\/types\/page"}],"author":[{"embeddable":true,"href":"https:\/\/dev.fifalde.ca\/fr\/wp-json\/wp\/v2\/users\/1"}],"replies":[{"embeddable":true,"href":"https:\/\/dev.fifalde.ca\/fr\/wp-json\/wp\/v2\/comments?post=1009"}],"version-history":[{"count":0,"href":"https:\/\/dev.fifalde.ca\/fr\/wp-json\/wp\/v2\/pages\/1009\/revisions"}],"wp:attachment":[{"href":"https:\/\/dev.fifalde.ca\/fr\/wp-json\/wp\/v2\/media?parent=1009"}],"curies":[{"name":"wp","href":"https:\/\/api.w.org\/{rel}","templated":true}]}}